{"id":226,"date":"2023-08-08T18:12:21","date_gmt":"2023-08-08T23:12:21","guid":{"rendered":"https:\/\/thewissar.com\/?page_id=226"},"modified":"2023-10-31T00:25:03","modified_gmt":"2023-10-31T05:25:03","slug":"monakai","status":"publish","type":"page","link":"https:\/\/thewissar.com\/en\/monakai\/","title":{"rendered":"Monakai"},"content":{"rendered":"<div data-elementor-type=\"wp-page\" data-elementor-id=\"226\" class=\"elementor elementor-226\" data-elementor-post-type=\"page\">\n\t\t\t\t\t\t<section class=\"elementor-section elementor-top-section elementor-element elementor-element-3ebdc016 elementor-section-boxed elementor-section-height-default elementor-section-height-default\" data-id=\"3ebdc016\" data-element_type=\"section\" data-e-type=\"section\">\n\t\t\t\t\t\t\t<div class=\"elementor-background-overlay\"><\/div>\n\t\t\t\t\t\t\t<div class=\"elementor-container elementor-column-gap-no\">\n\t\t\t\t\t<div class=\"elementor-column elementor-col-100 elementor-top-column elementor-element elementor-element-2bd36ffd\" data-id=\"2bd36ffd\" data-element_type=\"column\" data-e-type=\"column\">\n\t\t\t<div class=\"elementor-widget-wrap elementor-element-populated\">\n\t\t\t\t\t\t<div class=\"elementor-element elementor-element-58682e2 elementor-widget elementor-widget-image\" data-id=\"58682e2\" data-element_type=\"widget\" data-e-type=\"widget\" data-widget_type=\"image.default\">\n\t\t\t\t<div class=\"elementor-widget-container\">\n\t\t\t\t\t\t\t\t\t\t\t\t\t\t\t<img data-opt-id=1403705084  data-recalc-dims=\"1\" fetchpriority=\"high\" decoding=\"async\" width=\"739\" height=\"1024\" src=\"https:\/\/ml7jaaldciug.i.optimole.com\/cb:E7qC.bde2\/w:auto\/h:auto\/q:mauto\/f:best\/https:\/\/i0.wp.com\/ml7jaaldciug.i.optimole.com\/cb%3AE7qC.bde2\/w%3A739\/h%3A1024\/q%3Amauto\/f%3Abest\/https%3A\/\/thewissar.com\/wp-content\/uploads\/2023\/10\/MONAKAI-LOGO-FINAL.png?resize=739%2C1024&#038;ssl=1\" class=\"attachment-large size-large wp-image-829\" alt=\"\" srcset=\"https:\/\/ml7jaaldciug.i.optimole.com\/cb:E7qC.bde2\/w:779\/h:1080\/q:mauto\/f:best\/https:\/\/thewissar.com\/wp-content\/uploads\/2023\/10\/MONAKAI-LOGO-FINAL.png 2708w, https:\/\/ml7jaaldciug.i.optimole.com\/cb:E7qC.bde2\/w:500\/h:1080\/q:mauto\/f:best\/https:\/\/thewissar.com\/wp-content\/uploads\/2023\/10\/MONAKAI-LOGO-FINAL.png 500w, https:\/\/ml7jaaldciug.i.optimole.com\/cb:E7qC.bde2\/w:217\/h:1080\/q:mauto\/f:best\/https:\/\/thewissar.com\/wp-content\/uploads\/2023\/10\/MONAKAI-LOGO-FINAL.png 217w, https:\/\/ml7jaaldciug.i.optimole.com\/cb:E7qC.bde2\/w:739\/h:1080\/q:mauto\/f:best\/https:\/\/thewissar.com\/wp-content\/uploads\/2023\/10\/MONAKAI-LOGO-FINAL.png 739w, https:\/\/ml7jaaldciug.i.optimole.com\/cb:E7qC.bde2\/w:768\/h:1080\/q:mauto\/f:best\/https:\/\/thewissar.com\/wp-content\/uploads\/2023\/10\/MONAKAI-LOGO-FINAL.png 768w, https:\/\/ml7jaaldciug.i.optimole.com\/cb:E7qC.bde2\/w:1109\/h:1080\/q:mauto\/f:best\/https:\/\/thewissar.com\/wp-content\/uploads\/2023\/10\/MONAKAI-LOGO-FINAL.png 1109w, https:\/\/ml7jaaldciug.i.optimole.com\/cb:E7qC.bde2\/w:1479\/h:1080\/q:mauto\/f:best\/https:\/\/thewissar.com\/wp-content\/uploads\/2023\/10\/MONAKAI-LOGO-FINAL.png 1479w, https:\/\/ml7jaaldciug.i.optimole.com\/cb:E7qC.bde2\/w:9\/h:1080\/q:mauto\/f:best\/https:\/\/thewissar.com\/wp-content\/uploads\/2023\/10\/MONAKAI-LOGO-FINAL.png 9w, https:\/\/ml7jaaldciug.i.optimole.com\/cb:E7qC.bde2\/w:1920\/h:864\/q:mauto\/f:best\/https:\/\/thewissar.com\/wp-content\/uploads\/2023\/10\/MONAKAI-LOGO-FINAL.png 2400w\" sizes=\"(max-width: 739px) 100vw, 739px\" \/>\t\t\t\t\t\t\t\t\t\t\t\t\t\t\t<\/div>\n\t\t\t\t<\/div>\n\t\t\t\t<div class=\"elementor-element elementor-element-1637842 elementor-widget elementor-widget-text-editor\" data-id=\"1637842\" data-element_type=\"widget\" data-e-type=\"widget\" data-widget_type=\"text-editor.default\">\n\t\t\t\t<div class=\"elementor-widget-container\">\n\t\t\t\t\t\t\t\t\t<p><span style=\"color: #f376da;\">BUY A<\/span><\/p><p>THEWISSAR FAMILY PREMIUM COFFEE<\/p><p><span style=\"color: #f376da;\">AND DISCOVER YOUR MONAKAI! CARD!<\/span><\/p>\t\t\t\t\t\t\t\t<\/div>\n\t\t\t\t<\/div>\n\t\t\t\t<div class=\"elementor-element elementor-element-bf19a46 elementor-add-to-cart--align-center elementor-widget elementor-widget-wc-add-to-cart\" data-id=\"bf19a46\" data-element_type=\"widget\" data-e-type=\"widget\" data-widget_type=\"wc-add-to-cart.default\">\n\t\t\t\t<div class=\"elementor-widget-container\">\n\t\t\t\t\t\t\t\t\t<div class=\"elementor-button-wrapper\">\n\t\t\t\t\t<a rel=\"nofollow\" href=\"\/en\/monakai\/?add-to-cart=319\" data-quantity=\"1\" data-product_id=\"319\" class=\"product_type_simple add_to_cart_button ajax_add_to_cart elementor-button elementor-size-sm\" role=\"button\">\n\t\t\t\t\t\t<span class=\"elementor-button-content-wrapper\">\n\t\t\t\t\t\t<span class=\"elementor-button-icon\">\n\t\t\t\t<i aria-hidden=\"true\" class=\"fas fa-coffee\"><\/i>\t\t\t<\/span>\n\t\t\t\t\t\t\t\t\t<span class=\"elementor-button-text\">BUY<\/span>\n\t\t\t\t\t<\/span>\n\t\t\t\t\t<\/a>\n\t\t\t\t<\/div>\n\t\t\t\t\t\t\t\t<\/div>\n\t\t\t\t<\/div>\n\t\t\t\t<div class=\"elementor-element elementor-element-632d99cc elementor--v-position-top elementor--h-position-center elementor-arrows-position-inside elementor-pagination-position-inside elementor-widget elementor-widget-slides\" data-id=\"632d99cc\" data-element_type=\"widget\" data-e-type=\"widget\" data-settings=\"{&quot;navigation&quot;:&quot;both&quot;,&quot;autoplay&quot;:&quot;yes&quot;,&quot;pause_on_hover&quot;:&quot;yes&quot;,&quot;pause_on_interaction&quot;:&quot;yes&quot;,&quot;autoplay_speed&quot;:5000,&quot;infinite&quot;:&quot;yes&quot;,&quot;transition&quot;:&quot;slide&quot;,&quot;transition_speed&quot;:500}\" data-widget_type=\"slides.default\">\n\t\t\t\t<div class=\"elementor-widget-container\">\n\t\t\t\t\t\t\t<div class=\"elementor-swiper\">\n\t\t\t<div class=\"elementor-slides-wrapper elementor-main-swiper swiper-container\" dir=\"ltr\" data-animation=\"fadeInUp\">\n\t\t\t\t<div class=\"swiper-wrapper elementor-slides\">\n\t\t\t\t\t\t\t\t\t\t<div class=\"elementor-repeater-item-4fb9ccc swiper-slide\"><div class=\"swiper-slide-bg\" role=\"img\"><\/div><a class=\"swiper-slide-inner\" href=\"https:\/\/thewissar.com\/en\/product\/thewissar-family-premium-coffee\/\" target=\"_blank\"><div class=\"swiper-slide-contents\"><\/div><\/a><\/div>\t\t\t\t<\/div>\n\t\t\t\t\t\t\t<\/div>\n\t\t<\/div>\n\t\t\t\t\t\t<\/div>\n\t\t\t\t<\/div>\n\t\t\t\t<div class=\"elementor-element elementor-element-e0013dc elementor-widget elementor-widget-text-editor\" data-id=\"e0013dc\" data-element_type=\"widget\" data-e-type=\"widget\" data-widget_type=\"text-editor.default\">\n\t\t\t\t<div class=\"elementor-widget-container\">\n\t\t\t\t\t\t\t\t\t<p>A bunch of rebellious creatures<br \/>from another dimension have crash-landed<br \/>on our planet.<br \/>Their mission: to conquer the world.<br \/>Their only problem: they're tiny,<br \/>cuddly, and made of plush...<br \/>which means to us humans, they look like<br \/>stuffed animals!<\/p>\t\t\t\t\t\t\t\t<\/div>\n\t\t\t\t<\/div>\n\t\t\t\t<div class=\"elementor-element elementor-element-cc814d1 elementor--h-position-center elementor--v-position-middle elementor-arrows-position-inside elementor-pagination-position-inside elementor-widget elementor-widget-slides\" data-id=\"cc814d1\" data-element_type=\"widget\" data-e-type=\"widget\" data-settings=\"{&quot;navigation&quot;:&quot;both&quot;,&quot;autoplay&quot;:&quot;yes&quot;,&quot;pause_on_hover&quot;:&quot;yes&quot;,&quot;pause_on_interaction&quot;:&quot;yes&quot;,&quot;autoplay_speed&quot;:5000,&quot;infinite&quot;:&quot;yes&quot;,&quot;transition&quot;:&quot;slide&quot;,&quot;transition_speed&quot;:500}\" data-widget_type=\"slides.default\">\n\t\t\t\t<div class=\"elementor-widget-container\">\n\t\t\t\t\t\t\t<div class=\"elementor-swiper\">\n\t\t\t<div class=\"elementor-slides-wrapper elementor-main-swiper swiper-container\" dir=\"ltr\" data-animation=\"fadeInUp\">\n\t\t\t\t<div class=\"swiper-wrapper elementor-slides\">\n\t\t\t\t\t\t\t\t\t\t<div class=\"elementor-repeater-item-4fb9ccc swiper-slide\"><div class=\"swiper-slide-bg\" role=\"img\"><\/div><a class=\"swiper-slide-inner\" href=\"https:\/\/instagram.com\/monakai_universe?igshid=MzRlODBiNWFlZA==\" target=\"_blank\" rel=\"noopener\"><div class=\"swiper-slide-contents\"><div  class=\"elementor-button elementor-slide-button elementor-size-sm\">JOIN US, HUMAN!<\/div><\/div><\/a><\/div>\t\t\t\t<\/div>\n\t\t\t\t\t\t\t<\/div>\n\t\t<\/div>\n\t\t\t\t\t\t<\/div>\n\t\t\t\t<\/div>\n\t\t\t\t<div class=\"elementor-element elementor-element-27934c1 elementor-widget elementor-widget-text-editor\" data-id=\"27934c1\" data-element_type=\"widget\" data-e-type=\"widget\" data-widget_type=\"text-editor.default\">\n\t\t\t\t<div class=\"elementor-widget-container\">\n\t\t\t\t\t\t\t\t\t<p>Collect all the limited-edition <br \/>Monakai Squad cards <br \/>to learn more about their story and their world.<\/p><p>Join our community for more news, coming soon to other platforms too!<\/p>\t\t\t\t\t\t\t\t<\/div>\n\t\t\t\t<\/div>\n\t\t\t\t\t<\/div>\n\t\t<\/div>\n\t\t\t\t\t<\/div>\n\t\t<\/section>\n\t\t\t\t<\/div>","protected":false},"excerpt":{"rendered":"<p>COMPRA UN THEWISSAR FAMILY PREMIUM COFFEE Y DESCUBRE TU TARJETA MONAKAI! COMPRAR Una raza de revoltosas criaturasde otra dimensi\u00f3n ha aterrizadoen nuestro planeta.Su misi\u00f3n: dominar el mundo.Su \u00fanico problema: son peque\u00f1as,adorables y est\u00e1n hechas de felpa\u2026es decir, para nosotros humanos parecenmu\u00f1ecos de peluche! S\u00cdGUENOS TERR\u00cdCOLA! Colecciona toda las tarjetas de edici\u00f3n limitada del Escuadr\u00f3n monakai! [&hellip;]<\/p>\n","protected":false},"author":1,"featured_media":0,"parent":0,"menu_order":0,"comment_status":"closed","ping_status":"closed","template":"","meta":{"_uag_custom_page_level_css":"","site-sidebar-layout":"no-sidebar","site-content-layout":"page-builder","ast-site-content-layout":"default","site-content-style":"default","site-sidebar-style":"default","ast-global-header-display":"","ast-banner-title-visibility":"","ast-main-header-display":"","ast-hfb-above-header-display":"","ast-hfb-below-header-display":"","ast-hfb-mobile-header-display":"","site-post-title":"disabled","ast-breadcrumbs-content":"","ast-featured-img":"disabled","footer-sml-layout":"","ast-disable-related-posts":"","theme-transparent-header-meta":"","adv-header-id-meta":"","stick-header-meta":"","header-above-stick-meta":"","header-main-stick-meta":"","header-below-stick-meta":"","astra-migrate-meta-layouts":"default","ast-page-background-enabled":"default","ast-page-background-meta":{"desktop":{"background-color":"var(--ast-global-color-4)","background-image":"","background-repeat":"repeat","background-position":"center center","background-size":"auto","background-attachment":"scroll","background-type":"","background-media":"","overlay-type":"","overlay-color":"","overlay-opacity":"","overlay-gradient":""},"tablet":{"background-color":"","background-image":"","background-repeat":"repeat","background-position":"center center","background-size":"auto","background-attachment":"scroll","background-type":"","background-media":"","overlay-type":"","overlay-color":"","overlay-opacity":"","overlay-gradient":""},"mobile":{"background-color":"","background-image":"","background-repeat":"repeat","background-position":"center center","background-size":"auto","background-attachment":"scroll","background-type":"","background-media":"","overlay-type":"","overlay-color":"","overlay-opacity":"","overlay-gradient":""}},"ast-content-background-meta":{"desktop":{"background-color":"var(--ast-global-color-5)","background-image":"","background-repeat":"repeat","background-position":"center center","background-size":"auto","background-attachment":"scroll","background-type":"","background-media":"","overlay-type":"","overlay-color":"","overlay-opacity":"","overlay-gradient":""},"tablet":{"background-color":"var(--ast-global-color-5)","background-image":"","background-repeat":"repeat","background-position":"center center","background-size":"auto","background-attachment":"scroll","background-type":"","background-media":"","overlay-type":"","overlay-color":"","overlay-opacity":"","overlay-gradient":""},"mobile":{"background-color":"var(--ast-global-color-5)","background-image":"","background-repeat":"repeat","background-position":"center center","background-size":"auto","background-attachment":"scroll","background-type":"","background-media":"","overlay-type":"","overlay-color":"","overlay-opacity":"","overlay-gradient":""}},"_joinchat":[],"footnotes":""},"class_list":["post-226","page","type-page","status-publish","hentry"],"uagb_featured_image_src":{"full":false,"thumbnail":false,"medium":false,"medium_large":false,"large":false,"1536x1536":false,"2048x2048":false,"trp-custom-language-flag":false,"woocommerce_thumbnail":false,"woocommerce_single":false,"woocommerce_gallery_thumbnail":false},"uagb_author_info":{"display_name":"adminthewissar","author_link":"https:\/\/thewissar.com\/en\/author\/adminthewissar\/"},"uagb_comment_info":0,"uagb_excerpt":"COMPRA UN THEWISSAR FAMILY PREMIUM COFFEE Y DESCUBRE TU TARJETA MONAKAI! COMPRAR Una raza de revoltosas criaturasde otra dimensi\u00f3n ha aterrizadoen nuestro planeta.Su misi\u00f3n: dominar el mundo.Su \u00fanico problema: son peque\u00f1as,adorables y est\u00e1n hechas de felpa\u2026es decir, para nosotros humanos parecenmu\u00f1ecos de peluche! S\u00cdGUENOS TERR\u00cdCOLA! Colecciona toda las tarjetas de edici\u00f3n limitada del Escuadr\u00f3n monakai!&hellip;","jetpack_sharing_enabled":true,"_links":{"self":[{"href":"https:\/\/thewissar.com\/en\/wp-json\/wp\/v2\/pages\/226","targetHints":{"allow":["GET"]}}],"collection":[{"href":"https:\/\/thewissar.com\/en\/wp-json\/wp\/v2\/pages"}],"about":[{"href":"https:\/\/thewissar.com\/en\/wp-json\/wp\/v2\/types\/page"}],"author":[{"embeddable":true,"href":"https:\/\/thewissar.com\/en\/wp-json\/wp\/v2\/users\/1"}],"replies":[{"embeddable":true,"href":"https:\/\/thewissar.com\/en\/wp-json\/wp\/v2\/comments?post=226"}],"version-history":[{"count":20,"href":"https:\/\/thewissar.com\/en\/wp-json\/wp\/v2\/pages\/226\/revisions"}],"predecessor-version":[{"id":1693,"href":"https:\/\/thewissar.com\/en\/wp-json\/wp\/v2\/pages\/226\/revisions\/1693"}],"wp:attachment":[{"href":"https:\/\/thewissar.com\/en\/wp-json\/wp\/v2\/media?parent=226"}],"curies":[{"name":"wp","href":"https:\/\/api.w.org\/{rel}","templated":true}]}}